{"id":30,"date":"2024-10-01T10:14:46","date_gmt":"2024-10-01T10:14:46","guid":{"rendered":"https:\/\/sigeneris.es\/?page_id=30"},"modified":"2024-10-22T08:48:33","modified_gmt":"2024-10-22T08:48:33","slug":"nosotros","status":"publish","type":"page","link":"https:\/\/sigeneris.es\/en\/nosotros\/","title":{"rendered":"About us"},"content":{"rendered":"<div data-elementor-type=\"wp-page\" data-elementor-id=\"30\" class=\"elementor elementor-30\" data-elementor-post-type=\"page\">\n\t\t\t\t<div class=\"elementor-element elementor-element-4b4c17c e-flex e-con-boxed e-con e-parent\" data-id=\"4b4c17c\" data-element_type=\"container\">\n\t\t\t\t\t<div class=\"e-con-inner\">\n\t\t\t\t<div class=\"elementor-element elementor-element-23f2da3 titulo-h1 elementor-widget elementor-widget-heading\" data-id=\"23f2da3\" data-element_type=\"widget\" data-widget_type=\"heading.default\">\n\t\t\t\t<div class=\"elementor-widget-container\">\n\t\t\t\t\t<h1 class=\"elementor-heading-title elementor-size-default\">About us<\/h1>\t\t\t\t<\/div>\n\t\t\t\t<\/div>\n\t\t\t\t\t<\/div>\n\t\t\t\t<\/div>\n\t\t<div class=\"elementor-element elementor-element-f8e9a1a e-flex e-con-boxed e-con e-parent\" data-id=\"f8e9a1a\" data-element_type=\"container\">\n\t\t\t\t\t<div class=\"e-con-inner\">\n\t\t\t\t<div class=\"elementor-element elementor-element-5657e58 elementor-widget elementor-widget-text-editor\" data-id=\"5657e58\" data-element_type=\"widget\" data-widget_type=\"text-editor.default\">\n\t\t\t\t<div class=\"elementor-widget-container\">\n\t\t\t\t\t\t\t\t\t<p>At Sigeneris we have a multidisciplinary team of experts in biotechnology, engineering, environmental sciences, communication and marketing, working together to achieve a more sustainable future.<\/p>\t\t\t\t\t\t\t\t<\/div>\n\t\t\t\t<\/div>\n\t\t\t\t\t<\/div>\n\t\t\t\t<\/div>\n\t\t<div class=\"elementor-element elementor-element-515dbae e-flex e-con-boxed e-con e-parent\" data-id=\"515dbae\" data-element_type=\"container\">\n\t\t\t\t\t<div class=\"e-con-inner\">\n\t\t<div class=\"elementor-element elementor-element-33ad185 e-con-full e-flex e-con e-child\" data-id=\"33ad185\" data-element_type=\"container\">\n\t\t\t\t<div class=\"elementor-element elementor-element-c7d2db6 dce_masking-none elementor-widget elementor-widget-image\" data-id=\"c7d2db6\" data-element_type=\"widget\" data-widget_type=\"image.default\">\n\t\t\t\t<div class=\"elementor-widget-container\">\n\t\t\t\t\t\t\t\t\t\t\t\t\t\t\t<img decoding=\"async\" src=\"https:\/\/sigeneris.es\/wp-content\/uploads\/elementor\/thumbs\/icono-biotecnologia-qvxbysht3jl4n9vxhhka0fddereum17pp05aqy9jxc.png\" title=\"icono-biotecnologia\" alt=\"icono-biotecnologia\" loading=\"lazy\" \/>\t\t\t\t\t\t\t\t\t\t\t\t\t\t\t<\/div>\n\t\t\t\t<\/div>\n\t\t\t\t<div class=\"elementor-element elementor-element-40f3db2 elementor-widget elementor-widget-text-editor\" data-id=\"40f3db2\" data-element_type=\"widget\" data-widget_type=\"text-editor.default\">\n\t\t\t\t<div class=\"elementor-widget-container\">\n\t\t\t\t\t\t\t\t\t<p>Biotechnology<\/p>\t\t\t\t\t\t\t\t<\/div>\n\t\t\t\t<\/div>\n\t\t\t\t<\/div>\n\t\t<div class=\"elementor-element elementor-element-6fafc4b e-con-full e-flex e-con e-child\" data-id=\"6fafc4b\" data-element_type=\"container\">\n\t\t\t\t<div class=\"elementor-element elementor-element-286d8c2 dce_masking-none elementor-widget elementor-widget-image\" data-id=\"286d8c2\" data-element_type=\"widget\" data-widget_type=\"image.default\">\n\t\t\t\t<div class=\"elementor-widget-container\">\n\t\t\t\t\t\t\t\t\t\t\t\t\t\t\t<img decoding=\"async\" src=\"https:\/\/sigeneris.es\/wp-content\/uploads\/elementor\/thumbs\/icono-ingenieria-qvxcarxq8hzqoah8i621awhy2mcbr3sicbl60yhulc.png\" title=\"icono-ingenieria\" alt=\"icono-ingenieria\" loading=\"lazy\" \/>\t\t\t\t\t\t\t\t\t\t\t\t\t\t\t<\/div>\n\t\t\t\t<\/div>\n\t\t\t\t<div class=\"elementor-element elementor-element-7838096 elementor-widget elementor-widget-text-editor\" data-id=\"7838096\" data-element_type=\"widget\" data-widget_type=\"text-editor.default\">\n\t\t\t\t<div class=\"elementor-widget-container\">\n\t\t\t\t\t\t\t\t\t<p>Engineering<\/p>\t\t\t\t\t\t\t\t<\/div>\n\t\t\t\t<\/div>\n\t\t\t\t<\/div>\n\t\t<div class=\"elementor-element elementor-element-6fc7a01 e-con-full e-flex e-con e-child\" data-id=\"6fc7a01\" data-element_type=\"container\">\n\t\t\t\t<div class=\"elementor-element elementor-element-b8352cc dce_masking-none elementor-widget elementor-widget-image\" data-id=\"b8352cc\" data-element_type=\"widget\" data-widget_type=\"image.default\">\n\t\t\t\t<div class=\"elementor-widget-container\">\n\t\t\t\t\t\t\t\t\t\t\t\t\t\t\t<img decoding=\"async\" src=\"https:\/\/sigeneris.es\/wp-content\/uploads\/elementor\/thumbs\/icono-cc-ambientales-qvxc30rnupdkw3qqsbdu8cy1n6kb90089xtyhrzrxc.png\" title=\"icono-cc-ambientales\" alt=\"icono-cc-ambientales\" loading=\"lazy\" \/>\t\t\t\t\t\t\t\t\t\t\t\t\t\t\t<\/div>\n\t\t\t\t<\/div>\n\t\t\t\t<div class=\"elementor-element elementor-element-8a8ac47 elementor-widget elementor-widget-text-editor\" data-id=\"8a8ac47\" data-element_type=\"widget\" data-widget_type=\"text-editor.default\">\n\t\t\t\t<div class=\"elementor-widget-container\">\n\t\t\t\t\t\t\t\t\t<p>Environmental Sciences<\/p>\t\t\t\t\t\t\t\t<\/div>\n\t\t\t\t<\/div>\n\t\t\t\t<\/div>\n\t\t<div class=\"elementor-element elementor-element-e92bf56 e-con-full e-flex e-con e-child\" data-id=\"e92bf56\" data-element_type=\"container\">\n\t\t\t\t<div class=\"elementor-element elementor-element-0a21129 dce_masking-none elementor-widget elementor-widget-image\" data-id=\"0a21129\" data-element_type=\"widget\" data-widget_type=\"image.default\">\n\t\t\t\t<div class=\"elementor-widget-container\">\n\t\t\t\t\t\t\t\t\t\t\t\t\t\t\t<img decoding=\"async\" src=\"https:\/\/sigeneris.es\/wp-content\/uploads\/elementor\/thumbs\/icono-marketing-qvxce3b8cgj5mrnu53nnlkdhijzxwnyf4qftz3kun4.png\" title=\"icono-marketing\" alt=\"icono-marketing\" loading=\"lazy\" \/>\t\t\t\t\t\t\t\t\t\t\t\t\t\t\t<\/div>\n\t\t\t\t<\/div>\n\t\t\t\t<div class=\"elementor-element elementor-element-20b3e77 elementor-widget elementor-widget-text-editor\" data-id=\"20b3e77\" data-element_type=\"widget\" data-widget_type=\"text-editor.default\">\n\t\t\t\t<div class=\"elementor-widget-container\">\n\t\t\t\t\t\t\t\t\t<p>Communication and Marketing<\/p>\t\t\t\t\t\t\t\t<\/div>\n\t\t\t\t<\/div>\n\t\t\t\t<\/div>\n\t\t\t\t\t<\/div>\n\t\t\t\t<\/div>\n\t\t<div data-dce-background-color=\"#DAE8FF\" class=\"elementor-element elementor-element-9d04224 e-con-full e-flex e-con e-parent\" data-id=\"9d04224\" data-element_type=\"container\" data-settings=\"{&quot;background_background&quot;:&quot;classic&quot;}\">\n\t\t<div class=\"elementor-element elementor-element-236ccb7 e-con-full e-flex e-con e-child\" data-id=\"236ccb7\" data-element_type=\"container\">\n\t\t\t\t<div class=\"elementor-element elementor-element-2129ade img-comillas-nosotros dce_masking-none elementor-widget elementor-widget-image\" data-id=\"2129ade\" data-element_type=\"widget\" data-widget_type=\"image.default\">\n\t\t\t\t<div class=\"elementor-widget-container\">\n\t\t\t\t\t\t\t\t\t\t\t\t\t\t\t<img decoding=\"async\" src=\"https:\/\/sigeneris.es\/wp-content\/uploads\/elementor\/thumbs\/quote-qux8xqddyuq6um38irgwo8ycd5tqli6k4t13164f7k.png\" title=\"quote\" alt=\"quote\" loading=\"lazy\" \/>\t\t\t\t\t\t\t\t\t\t\t\t\t\t\t<\/div>\n\t\t\t\t<\/div>\n\t\t\t\t<\/div>\n\t\t<div class=\"elementor-element elementor-element-ccd17ae e-con-full e-flex e-con e-child\" data-id=\"ccd17ae\" data-element_type=\"container\" data-settings=\"{&quot;background_background&quot;:&quot;classic&quot;}\">\n\t\t\t\t<div class=\"elementor-element elementor-element-9e7a490 elementor-widget elementor-widget-text-editor\" data-id=\"9e7a490\" data-element_type=\"widget\" data-widget_type=\"text-editor.default\">\n\t\t\t\t<div class=\"elementor-widget-container\">\n\t\t\t\t\t\t\t\t\t<p>Our strength lies in the combination of diverse skills and perspectives, which enables us to address environmental challenges from a holistic perspective and find innovative solutions.\u00a0<\/p>\t\t\t\t\t\t\t\t<\/div>\n\t\t\t\t<\/div>\n\t\t\t\t<\/div>\n\t\t\t\t<\/div>\n\t\t<div class=\"elementor-element elementor-element-fb25d20 e-flex e-con-boxed e-con e-parent\" data-id=\"fb25d20\" data-element_type=\"container\">\n\t\t\t\t\t<div class=\"e-con-inner\">\n\t\t<div class=\"elementor-element elementor-element-c98b651 e-con-full e-flex e-con e-child\" data-id=\"c98b651\" data-element_type=\"container\">\n\t\t\t\t<div class=\"elementor-element elementor-element-da7b276 img-logo-nosotros dce_masking-none elementor-widget elementor-widget-image\" data-id=\"da7b276\" data-element_type=\"widget\" data-widget_type=\"image.default\">\n\t\t\t\t<div class=\"elementor-widget-container\">\n\t\t\t\t\t\t\t\t\t\t\t\t\t\t\t<img decoding=\"async\" src=\"https:\/\/sigeneris.es\/wp-content\/uploads\/elementor\/thumbs\/Sigeneris-icono-qux08a4xvunm501rx1jnk0wdh9e8ntsk00iw141hk0.png\" title=\"Sigeneris-icono\" alt=\"Sigeneris logo\" loading=\"lazy\" \/>\t\t\t\t\t\t\t\t\t\t\t\t\t\t\t<\/div>\n\t\t\t\t<\/div>\n\t\t\t\t<div class=\"elementor-element elementor-element-9d739b4 texto-parrafo elementor-widget elementor-widget-text-editor\" data-id=\"9d739b4\" data-element_type=\"widget\" data-widget_type=\"text-editor.default\">\n\t\t\t\t<div class=\"elementor-widget-container\">\n\t\t\t\t\t\t\t\t\t<p>Sigeneris HR has more than 25 years of experience in the development of innovation and R&amp;D&amp;I projects, both nationally and internationally, with more than 30 of its own projects and collaborations with more than 150 universities, research groups, companies and business organizations in sectors related to the company's areas of expertise.<\/p>\n<p>Sigeneris supports its own entrepreneurial ecosystem in addition to supporting the acceleration of other business projects and ventures in the agribusiness, agri-food, agribusiness, forestry and environmental sectors.<\/p>\t\t\t\t\t\t\t\t<\/div>\n\t\t\t\t<\/div>\n\t\t\t\t<\/div>\n\t\t\t\t\t<\/div>\n\t\t\t\t<\/div>\n\t\t<div data-dce-background-image-url=\"https:\/\/sigeneris.es\/wp-content\/uploads\/2024\/10\/fondo-marino.jpg\" class=\"elementor-element elementor-element-da57dc9 elementor-hidden-mobile e-flex e-con-boxed e-con e-parent\" data-id=\"da57dc9\" data-element_type=\"container\" data-settings=\"{&quot;background_background&quot;:&quot;classic&quot;,&quot;background_motion_fx_motion_fx_scrolling&quot;:&quot;yes&quot;,&quot;background_motion_fx_translateY_effect&quot;:&quot;yes&quot;,&quot;background_motion_fx_translateY_speed&quot;:{&quot;unit&quot;:&quot;px&quot;,&quot;size&quot;:10,&quot;sizes&quot;:[]},&quot;background_motion_fx_translateY_affectedRange&quot;:{&quot;unit&quot;:&quot;%&quot;,&quot;size&quot;:&quot;&quot;,&quot;sizes&quot;:{&quot;start&quot;:0,&quot;end&quot;:100}},&quot;background_motion_fx_devices&quot;:[&quot;desktop&quot;,&quot;tablet&quot;,&quot;mobile&quot;]}\">\n\t\t\t\t\t<div class=\"e-con-inner\">\n\t\t\t\t\t<\/div>\n\t\t\t\t<\/div>\n\t\t<div class=\"elementor-element elementor-element-875d908 e-con-full e-flex e-con e-parent\" data-id=\"875d908\" data-element_type=\"container\">\n\t\t<div class=\"elementor-element elementor-element-d4f5426 e-con-full e-flex e-con e-child\" data-id=\"d4f5426\" data-element_type=\"container\">\n\t\t\t\t<div class=\"elementor-element elementor-element-3abfff4 dce_masking-none elementor-widget elementor-widget-video\" data-id=\"3abfff4\" data-element_type=\"widget\" data-settings=\"{&quot;video_type&quot;:&quot;hosted&quot;,&quot;autoplay&quot;:&quot;yes&quot;,&quot;play_on_mobile&quot;:&quot;yes&quot;,&quot;mute&quot;:&quot;yes&quot;,&quot;loop&quot;:&quot;yes&quot;}\" data-widget_type=\"video.default\">\n\t\t\t\t<div class=\"elementor-widget-container\">\n\t\t\t\t\t\t\t<div class=\"e-hosted-video elementor-wrapper elementor-open-inline\">\n\t\t\t\t\t<video class=\"elementor-video\" src=\"https:\/\/sigeneris.es\/wp-content\/uploads\/2024\/10\/fondo-marino-planta.mp4\" autoplay=\"\" loop=\"\" muted=\"muted\" playsinline=\"\" controlslist=\"nodownload\"><\/video>\n\t\t\t\t<\/div>\n\t\t\t\t\t\t<\/div>\n\t\t\t\t<\/div>\n\t\t\t\t<\/div>\n\t\t<div class=\"elementor-element elementor-element-04484ea e-con-full e-flex e-con e-child\" data-id=\"04484ea\" data-element_type=\"container\">\n\t\t\t\t<div class=\"elementor-element elementor-element-775878f texto-parrafo elementor-widget elementor-widget-text-editor\" data-id=\"775878f\" data-element_type=\"widget\" data-widget_type=\"text-editor.default\">\n\t\t\t\t<div class=\"elementor-widget-container\">\n\t\t\t\t\t\t\t\t\t<p>Sigeneris' ability to reach end users of its solutions is channeled through its associations and user and stakeholder organizations, which total more than 200,000 potential users or beneficiaries.<\/p>\n<p>Sigeneris also works directly with sustainable investment funds focused on the search for biotechnological solutions for the development of CO<sub>2<\/sub>fixation , marine and coastal environmental restoration, recovery of wild flora through precision pollination and the combination of biotechnological solutions for the production of superfoods.<\/p>\n<p>In addition, Sigeneris has an ambitious plan to generate registrable content (patents, utility models, documentary audiovisual content) that will generate a high-value intellectual heritage as part of its legacy as an innovative and sustainable company.<\/p>\t\t\t\t\t\t\t\t<\/div>\n\t\t\t\t<\/div>\n\t\t\t\t<\/div>\n\t\t\t\t<\/div>\n\t\t<div data-dce-background-color=\"#EAF1FD\" class=\"elementor-element elementor-element-6455e6c e-flex e-con-boxed e-con e-parent\" data-id=\"6455e6c\" data-element_type=\"container\" data-settings=\"{&quot;background_background&quot;:&quot;gradient&quot;}\">\n\t\t\t\t\t<div class=\"e-con-inner\">\n\t\t\t\t<div class=\"elementor-element elementor-element-9fee20d elementor-invisible elementor-widget elementor-widget-heading\" data-id=\"9fee20d\" data-element_type=\"widget\" data-settings=\"{&quot;_animation&quot;:&quot;fadeInUp&quot;}\" data-widget_type=\"heading.default\">\n\t\t\t\t<div class=\"elementor-widget-container\">\n\t\t\t\t\t<h2 class=\"elementor-heading-title elementor-size-default\">Growing together<\/h2>\t\t\t\t<\/div>\n\t\t\t\t<\/div>\n\t\t\t\t<div class=\"elementor-element elementor-element-a0f21c6 texto-parrafo elementor-invisible elementor-widget elementor-widget-text-editor\" data-id=\"a0f21c6\" data-element_type=\"widget\" data-settings=\"{&quot;_animation&quot;:&quot;fadeIn&quot;}\" data-widget_type=\"text-editor.default\">\n\t\t\t\t<div class=\"elementor-widget-container\">\n\t\t\t\t\t\t\t\t\t<p>We are a company in constant growth, and we are always looking for new talents to join our vision.  If you are a professional passionate about sustainability and biotechnology, and you are passionate about innovation, do not hesitate to contact us.\u00a0<\/p>\t\t\t\t\t\t\t\t<\/div>\n\t\t\t\t<\/div>\n\t\t\t\t<div class=\"elementor-element elementor-element-97c08c6 elementor-align-center elementor-widget elementor-widget-button\" data-id=\"97c08c6\" data-element_type=\"widget\" data-widget_type=\"button.default\">\n\t\t\t\t<div class=\"elementor-widget-container\">\n\t\t\t\t\t\t\t\t\t<div class=\"elementor-button-wrapper\">\n\t\t\t\t\t<a class=\"elementor-button elementor-button-link elementor-size-sm\" href=\"\/en\/contacto\/\">\n\t\t\t\t\t\t<span class=\"elementor-button-content-wrapper\">\n\t\t\t\t\t\t\t\t\t<span class=\"elementor-button-text\">Contact with us<\/span>\n\t\t\t\t\t<\/span>\n\t\t\t\t\t<\/a>\n\t\t\t\t<\/div>\n\t\t\t\t\t\t\t\t<\/div>\n\t\t\t\t<\/div>\n\t\t\t\t<div class=\"elementor-element elementor-element-045ca7e elementor-invisible elementor-widget elementor-widget-text-editor\" data-id=\"045ca7e\" data-element_type=\"widget\" data-settings=\"{&quot;_animation&quot;:&quot;fadeIn&quot;}\" data-widget_type=\"text-editor.default\">\n\t\t\t\t<div class=\"elementor-widget-container\">\n\t\t\t\t\t\t\t\t\t<p>At Sigeneris we believe in the power of teamwork to create a brighter future!<\/p>\t\t\t\t\t\t\t\t<\/div>\n\t\t\t\t<\/div>\n\t\t\t\t\t<\/div>\n\t\t\t\t<\/div>\n\t\t\t\t<\/div>","protected":false},"excerpt":{"rendered":"<p>Nosotros En Sigeneris contamos con un equipo multidisciplinario de expertos en biotecnolog\u00eda, ingenier\u00eda, ciencias ambientales, comunicaci\u00f3n y marketing, que trabajan en conjunto para alcanzar un futuro m\u00e1s sostenible. Biotecnolog\u00eda Ingenier\u00eda Ciencias Ambientales Comunicaci\u00f3n y Marketing Nuestra fuerza radica en la combinaci\u00f3n de diversas habilidades y perspectivas, que nos permite abordar los desaf\u00edos ambientales desde una [&hellip;]<\/p>","protected":false},"author":1,"featured_media":0,"parent":0,"menu_order":0,"comment_status":"closed","ping_status":"open","template":"","meta":{"_acf_changed":false,"footnotes":""},"class_list":["post-30","page","type-page","status-publish","hentry"],"acf":[],"yoast_head":"<!-- This site is optimized with the Yoast SEO plugin v26.2 - https:\/\/yoast.com\/wordpress\/plugins\/seo\/ -->\n<title>Nosotros : Sigeneris<\/title>\n<meta name=\"description\" content=\"Somos un equipo de expertos en biotecnolog\u00eda, con una amplia experiencia en proyectos de investigaci\u00f3n y desarrollo.\" \/>\n<meta name=\"robots\" content=\"index, follow, max-snippet:-1, max-image-preview:large, max-video-preview:-1\" \/>\n<link rel=\"canonical\" href=\"https:\/\/sigeneris.es\/en\/nosotros\/\" \/>\n<meta property=\"og:locale\" content=\"en_US\" \/>\n<meta property=\"og:type\" content=\"article\" \/>\n<meta property=\"og:title\" content=\"Nosotros : Sigeneris\" \/>\n<meta property=\"og:description\" content=\"Somos un equipo de expertos en biotecnolog\u00eda, con una amplia experiencia en proyectos de investigaci\u00f3n y desarrollo.\" \/>\n<meta property=\"og:url\" content=\"https:\/\/sigeneris.es\/en\/nosotros\/\" \/>\n<meta property=\"og:site_name\" content=\"Sigeneris\" \/>\n<meta property=\"article:modified_time\" content=\"2024-10-22T08:48:33+00:00\" \/>\n<meta property=\"og:image\" content=\"https:\/\/sigeneris.es\/wp-content\/uploads\/elementor\/thumbs\/icono-biotecnologia-qvxbysht3jl4n9vxhhka0fddereum17pp05aqy9jxc.png\" \/>\n<meta name=\"twitter:card\" content=\"summary_large_image\" \/>\n<meta name=\"twitter:label1\" content=\"Est. reading time\" \/>\n\t<meta name=\"twitter:data1\" content=\"3 minutes\" \/>\n<script type=\"application\/ld+json\" class=\"yoast-schema-graph\">{\"@context\":\"https:\/\/schema.org\",\"@graph\":[{\"@type\":\"WebPage\",\"@id\":\"https:\/\/sigeneris.es\/nosotros\/\",\"url\":\"https:\/\/sigeneris.es\/nosotros\/\",\"name\":\"Nosotros : Sigeneris\",\"isPartOf\":{\"@id\":\"https:\/\/sigeneris.es\/#website\"},\"primaryImageOfPage\":{\"@id\":\"https:\/\/sigeneris.es\/nosotros\/#primaryimage\"},\"image\":{\"@id\":\"https:\/\/sigeneris.es\/nosotros\/#primaryimage\"},\"thumbnailUrl\":\"https:\/\/sigeneris.es\/wp-content\/uploads\/elementor\/thumbs\/icono-biotecnologia-qvxbysht3jl4n9vxhhka0fddereum17pp05aqy9jxc.png\",\"datePublished\":\"2024-10-01T10:14:46+00:00\",\"dateModified\":\"2024-10-22T08:48:33+00:00\",\"description\":\"Somos un equipo de expertos en biotecnolog\u00eda, con una amplia experiencia en proyectos de investigaci\u00f3n y desarrollo.\",\"breadcrumb\":{\"@id\":\"https:\/\/sigeneris.es\/nosotros\/#breadcrumb\"},\"inLanguage\":\"en-US\",\"potentialAction\":[{\"@type\":\"ReadAction\",\"target\":[\"https:\/\/sigeneris.es\/nosotros\/\"]}]},{\"@type\":\"ImageObject\",\"inLanguage\":\"en-US\",\"@id\":\"https:\/\/sigeneris.es\/nosotros\/#primaryimage\",\"url\":\"https:\/\/sigeneris.es\/wp-content\/uploads\/elementor\/thumbs\/icono-biotecnologia-qvxbysht3jl4n9vxhhka0fddereum17pp05aqy9jxc.png\",\"contentUrl\":\"https:\/\/sigeneris.es\/wp-content\/uploads\/elementor\/thumbs\/icono-biotecnologia-qvxbysht3jl4n9vxhhka0fddereum17pp05aqy9jxc.png\"},{\"@type\":\"BreadcrumbList\",\"@id\":\"https:\/\/sigeneris.es\/nosotros\/#breadcrumb\",\"itemListElement\":[{\"@type\":\"ListItem\",\"position\":1,\"name\":\"Portada\",\"item\":\"https:\/\/sigeneris.es\/\"},{\"@type\":\"ListItem\",\"position\":2,\"name\":\"Nosotros\"}]},{\"@type\":\"WebSite\",\"@id\":\"https:\/\/sigeneris.es\/#website\",\"url\":\"https:\/\/sigeneris.es\/\",\"name\":\"Sigeneris\",\"description\":\"Innovaci\u00f3n para un futuro sostenible\",\"publisher\":{\"@id\":\"https:\/\/sigeneris.es\/#organization\"},\"alternateName\":\"Sigeneris\",\"potentialAction\":[{\"@type\":\"SearchAction\",\"target\":{\"@type\":\"EntryPoint\",\"urlTemplate\":\"https:\/\/sigeneris.es\/?s={search_term_string}\"},\"query-input\":{\"@type\":\"PropertyValueSpecification\",\"valueRequired\":true,\"valueName\":\"search_term_string\"}}],\"inLanguage\":\"en-US\"},{\"@type\":\"Organization\",\"@id\":\"https:\/\/sigeneris.es\/#organization\",\"name\":\"Sigeneris\",\"alternateName\":\"Sigeneris\",\"url\":\"https:\/\/sigeneris.es\/\",\"logo\":{\"@type\":\"ImageObject\",\"inLanguage\":\"en-US\",\"@id\":\"https:\/\/sigeneris.es\/#\/schema\/logo\/image\/\",\"url\":\"https:\/\/sigeneris.es\/wp-content\/uploads\/2024\/05\/Sigeneris-logo-500.png\",\"contentUrl\":\"https:\/\/sigeneris.es\/wp-content\/uploads\/2024\/05\/Sigeneris-logo-500.png\",\"width\":500,\"height\":98,\"caption\":\"Sigeneris\"},\"image\":{\"@id\":\"https:\/\/sigeneris.es\/#\/schema\/logo\/image\/\"}}]}<\/script>\n<!-- \/ Yoast SEO plugin. -->","yoast_head_json":{"title":"Nosotros : Sigeneris","description":"Somos un equipo de expertos en biotecnolog\u00eda, con una amplia experiencia en proyectos de investigaci\u00f3n y desarrollo.","robots":{"index":"index","follow":"follow","max-snippet":"max-snippet:-1","max-image-preview":"max-image-preview:large","max-video-preview":"max-video-preview:-1"},"canonical":"https:\/\/sigeneris.es\/en\/nosotros\/","og_locale":"en_US","og_type":"article","og_title":"Nosotros : Sigeneris","og_description":"Somos un equipo de expertos en biotecnolog\u00eda, con una amplia experiencia en proyectos de investigaci\u00f3n y desarrollo.","og_url":"https:\/\/sigeneris.es\/en\/nosotros\/","og_site_name":"Sigeneris","article_modified_time":"2024-10-22T08:48:33+00:00","og_image":[{"url":"https:\/\/sigeneris.es\/wp-content\/uploads\/elementor\/thumbs\/icono-biotecnologia-qvxbysht3jl4n9vxhhka0fddereum17pp05aqy9jxc.png","type":"","width":"","height":""}],"twitter_card":"summary_large_image","twitter_misc":{"Est. reading time":"3 minutes"},"schema":{"@context":"https:\/\/schema.org","@graph":[{"@type":"WebPage","@id":"https:\/\/sigeneris.es\/nosotros\/","url":"https:\/\/sigeneris.es\/nosotros\/","name":"Nosotros : Sigeneris","isPartOf":{"@id":"https:\/\/sigeneris.es\/#website"},"primaryImageOfPage":{"@id":"https:\/\/sigeneris.es\/nosotros\/#primaryimage"},"image":{"@id":"https:\/\/sigeneris.es\/nosotros\/#primaryimage"},"thumbnailUrl":"https:\/\/sigeneris.es\/wp-content\/uploads\/elementor\/thumbs\/icono-biotecnologia-qvxbysht3jl4n9vxhhka0fddereum17pp05aqy9jxc.png","datePublished":"2024-10-01T10:14:46+00:00","dateModified":"2024-10-22T08:48:33+00:00","description":"Somos un equipo de expertos en biotecnolog\u00eda, con una amplia experiencia en proyectos de investigaci\u00f3n y desarrollo.","breadcrumb":{"@id":"https:\/\/sigeneris.es\/nosotros\/#breadcrumb"},"inLanguage":"en-US","potentialAction":[{"@type":"ReadAction","target":["https:\/\/sigeneris.es\/nosotros\/"]}]},{"@type":"ImageObject","inLanguage":"en-US","@id":"https:\/\/sigeneris.es\/nosotros\/#primaryimage","url":"https:\/\/sigeneris.es\/wp-content\/uploads\/elementor\/thumbs\/icono-biotecnologia-qvxbysht3jl4n9vxhhka0fddereum17pp05aqy9jxc.png","contentUrl":"https:\/\/sigeneris.es\/wp-content\/uploads\/elementor\/thumbs\/icono-biotecnologia-qvxbysht3jl4n9vxhhka0fddereum17pp05aqy9jxc.png"},{"@type":"BreadcrumbList","@id":"https:\/\/sigeneris.es\/nosotros\/#breadcrumb","itemListElement":[{"@type":"ListItem","position":1,"name":"Portada","item":"https:\/\/sigeneris.es\/"},{"@type":"ListItem","position":2,"name":"Nosotros"}]},{"@type":"WebSite","@id":"https:\/\/sigeneris.es\/#website","url":"https:\/\/sigeneris.es\/","name":"Sigeneris","description":"Innovation for a sustainable future","publisher":{"@id":"https:\/\/sigeneris.es\/#organization"},"alternateName":"Sigeneris","potentialAction":[{"@type":"SearchAction","target":{"@type":"EntryPoint","urlTemplate":"https:\/\/sigeneris.es\/?s={search_term_string}"},"query-input":{"@type":"PropertyValueSpecification","valueRequired":true,"valueName":"search_term_string"}}],"inLanguage":"en-US"},{"@type":"Organization","@id":"https:\/\/sigeneris.es\/#organization","name":"Sigeneris","alternateName":"Sigeneris","url":"https:\/\/sigeneris.es\/","logo":{"@type":"ImageObject","inLanguage":"en-US","@id":"https:\/\/sigeneris.es\/#\/schema\/logo\/image\/","url":"https:\/\/sigeneris.es\/wp-content\/uploads\/2024\/05\/Sigeneris-logo-500.png","contentUrl":"https:\/\/sigeneris.es\/wp-content\/uploads\/2024\/05\/Sigeneris-logo-500.png","width":500,"height":98,"caption":"Sigeneris"},"image":{"@id":"https:\/\/sigeneris.es\/#\/schema\/logo\/image\/"}}]}},"_links":{"self":[{"href":"https:\/\/sigeneris.es\/en\/wp-json\/wp\/v2\/pages\/30","targetHints":{"allow":["GET"]}}],"collection":[{"href":"https:\/\/sigeneris.es\/en\/wp-json\/wp\/v2\/pages"}],"about":[{"href":"https:\/\/sigeneris.es\/en\/wp-json\/wp\/v2\/types\/page"}],"author":[{"embeddable":true,"href":"https:\/\/sigeneris.es\/en\/wp-json\/wp\/v2\/users\/1"}],"replies":[{"embeddable":true,"href":"https:\/\/sigeneris.es\/en\/wp-json\/wp\/v2\/comments?post=30"}],"version-history":[{"count":481,"href":"https:\/\/sigeneris.es\/en\/wp-json\/wp\/v2\/pages\/30\/revisions"}],"predecessor-version":[{"id":2387,"href":"https:\/\/sigeneris.es\/en\/wp-json\/wp\/v2\/pages\/30\/revisions\/2387"}],"wp:attachment":[{"href":"https:\/\/sigeneris.es\/en\/wp-json\/wp\/v2\/media?parent=30"}],"curies":[{"name":"wp","href":"https:\/\/api.w.org\/{rel}","templated":true}]}}