{"id":32,"date":"2024-10-01T10:15:08","date_gmt":"2024-10-01T10:15:08","guid":{"rendered":"https:\/\/sigeneris.es\/?page_id=32"},"modified":"2024-10-21T16:06:58","modified_gmt":"2024-10-21T16:06:58","slug":"proyectos","status":"publish","type":"page","link":"https:\/\/sigeneris.es\/en\/proyectos\/","title":{"rendered":"Projects"},"content":{"rendered":"<div data-elementor-type=\"wp-page\" data-elementor-id=\"32\" class=\"elementor elementor-32\" data-elementor-post-type=\"page\">\n\t\t\t\t<div class=\"elementor-element elementor-element-65f80ef e-flex e-con-boxed e-con e-parent\" data-id=\"65f80ef\" data-element_type=\"container\">\n\t\t\t\t\t<div class=\"e-con-inner\">\n\t\t\t\t<div class=\"elementor-element elementor-element-1a847d3 titulo-h1 elementor-widget elementor-widget-heading\" data-id=\"1a847d3\" data-element_type=\"widget\" data-widget_type=\"heading.default\">\n\t\t\t\t<div class=\"elementor-widget-container\">\n\t\t\t\t\t<h1 class=\"elementor-heading-title elementor-size-default\">Projects<\/h1>\t\t\t\t<\/div>\n\t\t\t\t<\/div>\n\t\t\t\t\t<\/div>\n\t\t\t\t<\/div>\n\t\t<div class=\"elementor-element elementor-element-d021ec7 e-flex e-con-boxed e-con e-parent\" data-id=\"d021ec7\" data-element_type=\"container\">\n\t\t\t\t\t<div class=\"e-con-inner\">\n\t\t\t\t<div class=\"elementor-element elementor-element-d83272d elementor-widget elementor-widget-text-editor\" data-id=\"d83272d\" data-element_type=\"widget\" data-widget_type=\"text-editor.default\">\n\t\t\t\t<div class=\"elementor-widget-container\">\n\t\t\t\t\t\t\t\t\t<p>We work on projects that drive innovation in biotechnology and sustainability with the aim of creating a more sustainable future for all.<\/p>\t\t\t\t\t\t\t\t<\/div>\n\t\t\t\t<\/div>\n\t\t\t\t\t<\/div>\n\t\t\t\t<\/div>\n\t\t<div class=\"elementor-element elementor-element-5dff71c e-flex e-con-boxed e-con e-parent\" data-id=\"5dff71c\" data-element_type=\"container\">\n\t\t\t\t\t<div class=\"e-con-inner\">\n\t\t\t\t<div class=\"elementor-element elementor-element-bc15c62 dce-col-2 dce-posts-layout-default dce-col-tablet-3 dce-col-mobile-1 dce-align-left elementor-widget elementor-widget-dce-dynamicposts-v2\" data-id=\"bc15c62\" data-element_type=\"widget\" data-settings=\"{&quot;infiniteScroll_enable&quot;:&quot;yes&quot;,&quot;style_items&quot;:&quot;default&quot;,&quot;grid_grid_type&quot;:&quot;flex&quot;,&quot;infiniteScroll_trigger&quot;:&quot;scroll&quot;}\" data-widget_type=\"dce-dynamicposts-v2.grid\">\n\t\t\t\t<div class=\"elementor-widget-container\">\n\t\t\t\t\t\n\t\t<div class=\"dce-fix-background-loop dce-posts-container dce-posts dce-dynamic-posts-collection  dce-skin-grid dce-skin-grid-flex\">\n\t\t\t\t\t\t<div class=\"dce-posts-wrapper dce-wrapper-grid\">\n\t\t\t\n\t\t<article class=\"post-1312 proyecto type-proyecto status-publish has-post-thumbnail hentry dce-post dce-post-item dce-item-grid\" data-dce-post-id=\"1312\" data-dce-post-index=\"0\">\n\t\t\t<div class=\"dce-post-block\">\n\t\t<div class=\"dce-item dce-item_image elementor-repeater-item-74f5ac3\"><a class=\"dce-post-image\" href=\"https:\/\/sigeneris.es\/en\/proyecto\/combatir-el-cambio-climatico-capturando-co2-para-un-futuro-mas-limpio\/\"><figure  class=\"dce-img\"><img fetchpriority=\"high\" decoding=\"async\" width=\"800\" height=\"545\" src=\"https:\/\/sigeneris.es\/wp-content\/uploads\/2024\/10\/cambio-climatico-1024x698.jpg\" class=\"\" alt=\"Combatir el cambio clim\u00e1tico:\u00a0 Capturando CO2 para un futuro m\u00e1s limpio\" srcset=\"https:\/\/sigeneris.es\/wp-content\/uploads\/2024\/10\/cambio-climatico-1024x698.jpg 1024w, https:\/\/sigeneris.es\/wp-content\/uploads\/2024\/10\/cambio-climatico-300x205.jpg 300w, https:\/\/sigeneris.es\/wp-content\/uploads\/2024\/10\/cambio-climatico-768x524.jpg 768w, https:\/\/sigeneris.es\/wp-content\/uploads\/2024\/10\/cambio-climatico-18x12.jpg 18w, https:\/\/sigeneris.es\/wp-content\/uploads\/2024\/10\/cambio-climatico.jpg 1100w\" sizes=\"(max-width: 800px) 100vw, 800px\" \/><\/figure><\/a><\/div><div class=\"dce-item dce-item_title elementor-repeater-item-d42616c\"><h3 class=\"dce-post-title\"><a href=\"https:\/\/sigeneris.es\/en\/proyecto\/combatir-el-cambio-climatico-capturando-co2-para-un-futuro-mas-limpio\/\">Fighting climate change: Capturing CO2 for a cleaner future<\/a><\/h3><\/div>\t\t\t<\/div>\n\t\t<\/article>\n\t\t\n\t\t<article class=\"post-1310 proyecto type-proyecto status-publish has-post-thumbnail hentry dce-post dce-post-item dce-item-grid\" data-dce-post-id=\"1310\" data-dce-post-index=\"1\">\n\t\t\t<div class=\"dce-post-block\">\n\t\t<div class=\"dce-item dce-item_image elementor-repeater-item-74f5ac3\"><a class=\"dce-post-image\" href=\"https:\/\/sigeneris.es\/en\/proyecto\/restaurando-la-vida-en-los-oceanos\/\"><figure  class=\"dce-img\"><img decoding=\"async\" width=\"800\" height=\"449\" src=\"https:\/\/sigeneris.es\/wp-content\/uploads\/2024\/10\/fondo-marino-1024x575.png\" class=\"\" alt=\"Restaurando la vida en los oc\u00e9anos\" srcset=\"https:\/\/sigeneris.es\/wp-content\/uploads\/2024\/10\/fondo-marino-1024x575.png 1024w, https:\/\/sigeneris.es\/wp-content\/uploads\/2024\/10\/fondo-marino-300x169.png 300w, https:\/\/sigeneris.es\/wp-content\/uploads\/2024\/10\/fondo-marino-768x431.png 768w, https:\/\/sigeneris.es\/wp-content\/uploads\/2024\/10\/fondo-marino-1536x863.png 1536w, https:\/\/sigeneris.es\/wp-content\/uploads\/2024\/10\/fondo-marino.png 1919w\" sizes=\"(max-width: 800px) 100vw, 800px\" \/><\/figure><\/a><\/div><div class=\"dce-item dce-item_title elementor-repeater-item-d42616c\"><h3 class=\"dce-post-title\"><a href=\"https:\/\/sigeneris.es\/en\/proyecto\/restaurando-la-vida-en-los-oceanos\/\">Restoring life in the oceans<\/a><\/h3><\/div>\t\t\t<\/div>\n\t\t<\/article>\n\t\t\n\t\t<article class=\"post-1308 proyecto type-proyecto status-publish has-post-thumbnail hentry dce-post dce-post-item dce-item-grid\" data-dce-post-id=\"1308\" data-dce-post-index=\"2\">\n\t\t\t<div class=\"dce-post-block\">\n\t\t<div class=\"dce-item dce-item_image elementor-repeater-item-74f5ac3\"><a class=\"dce-post-image\" href=\"https:\/\/sigeneris.es\/en\/proyecto\/polinizacion-de-precision-cosechando-un-futuro-mejor\/\"><figure  class=\"dce-img\"><img decoding=\"async\" width=\"800\" height=\"600\" src=\"https:\/\/sigeneris.es\/wp-content\/uploads\/2024\/10\/abeja-1024x768.jpg\" class=\"\" alt=\"Polinizaci\u00f3n de precisi\u00f3n:\u00a0 Cosechando un futuro mejor\" srcset=\"https:\/\/sigeneris.es\/wp-content\/uploads\/2024\/10\/abeja-1024x768.jpg 1024w, https:\/\/sigeneris.es\/wp-content\/uploads\/2024\/10\/abeja-300x225.jpg 300w, https:\/\/sigeneris.es\/wp-content\/uploads\/2024\/10\/abeja-768x576.jpg 768w, https:\/\/sigeneris.es\/wp-content\/uploads\/2024\/10\/abeja-16x12.jpg 16w, https:\/\/sigeneris.es\/wp-content\/uploads\/2024\/10\/abeja.jpg 1210w\" sizes=\"(max-width: 800px) 100vw, 800px\" \/><\/figure><\/a><\/div><div class=\"dce-item dce-item_title elementor-repeater-item-d42616c\"><h3 class=\"dce-post-title\"><a href=\"https:\/\/sigeneris.es\/en\/proyecto\/polinizacion-de-precision-cosechando-un-futuro-mejor\/\">Precision pollination: Harvesting a better future<\/a><\/h3><\/div>\t\t\t<\/div>\n\t\t<\/article>\n\t\t\n\t\t<article class=\"post-1301 proyecto type-proyecto status-publish has-post-thumbnail hentry dce-post dce-post-item dce-item-grid\" data-dce-post-id=\"1301\" data-dce-post-index=\"3\">\n\t\t\t<div class=\"dce-post-block\">\n\t\t<div class=\"dce-item dce-item_image elementor-repeater-item-74f5ac3\"><a class=\"dce-post-image\" href=\"https:\/\/sigeneris.es\/en\/proyecto\/superalimentos-del-futuro-ciencia-y-naturaleza-se-unen-para-una-dieta-mas-saludable\/\"><figure  class=\"dce-img\"><img loading=\"lazy\" decoding=\"async\" width=\"800\" height=\"534\" src=\"https:\/\/sigeneris.es\/wp-content\/uploads\/2024\/10\/superfood-1024x683.jpg\" class=\"\" alt=\"Superalimentos del futuro:\u00a0 Ciencia y naturaleza se unen para una dieta m\u00e1s saludable\" srcset=\"https:\/\/sigeneris.es\/wp-content\/uploads\/2024\/10\/superfood-1024x683.jpg 1024w, https:\/\/sigeneris.es\/wp-content\/uploads\/2024\/10\/superfood-300x200.jpg 300w, https:\/\/sigeneris.es\/wp-content\/uploads\/2024\/10\/superfood-768x512.jpg 768w, https:\/\/sigeneris.es\/wp-content\/uploads\/2024\/10\/superfood-18x12.jpg 18w, https:\/\/sigeneris.es\/wp-content\/uploads\/2024\/10\/superfood.jpg 1402w\" sizes=\"(max-width: 800px) 100vw, 800px\" \/><\/figure><\/a><\/div><div class=\"dce-item dce-item_title elementor-repeater-item-d42616c\"><h3 class=\"dce-post-title\"><a href=\"https:\/\/sigeneris.es\/en\/proyecto\/superalimentos-del-futuro-ciencia-y-naturaleza-se-unen-para-una-dieta-mas-saludable\/\">Superfoods of the future: Science and nature unite for a healthier diet<\/a><\/h3><\/div>\t\t\t<\/div>\n\t\t<\/article>\n\t\t\n\t\t<article class=\"post-1238 proyecto type-proyecto status-publish has-post-thumbnail hentry dce-post dce-post-item dce-item-grid\" data-dce-post-id=\"1238\" data-dce-post-index=\"4\">\n\t\t\t<div class=\"dce-post-block\">\n\t\t<div class=\"dce-item dce-item_image elementor-repeater-item-74f5ac3\"><a class=\"dce-post-image\" href=\"https:\/\/sigeneris.es\/en\/proyecto\/restaurando-el-equilibrio-reviviendo-ecosistemas-para-un-futuro-mas-verde\/\"><figure  class=\"dce-img\"><img loading=\"lazy\" decoding=\"async\" width=\"800\" height=\"534\" src=\"https:\/\/sigeneris.es\/wp-content\/uploads\/2024\/10\/montana-1024x683.jpg\" class=\"\" alt=\"Restaurando el equilibrio:\u00a0 Reviviendo ecosistemas para un futuro m\u00e1s verde\" srcset=\"https:\/\/sigeneris.es\/wp-content\/uploads\/2024\/10\/montana-1024x683.jpg 1024w, https:\/\/sigeneris.es\/wp-content\/uploads\/2024\/10\/montana-300x200.jpg 300w, https:\/\/sigeneris.es\/wp-content\/uploads\/2024\/10\/montana-768x512.jpg 768w, https:\/\/sigeneris.es\/wp-content\/uploads\/2024\/10\/montana-1536x1024.jpg 1536w, https:\/\/sigeneris.es\/wp-content\/uploads\/2024\/10\/montana-18x12.jpg 18w, https:\/\/sigeneris.es\/wp-content\/uploads\/2024\/10\/montana.jpg 1642w\" sizes=\"(max-width: 800px) 100vw, 800px\" \/><\/figure><\/a><\/div><div class=\"dce-item dce-item_title elementor-repeater-item-d42616c\"><h3 class=\"dce-post-title\"><a href=\"https:\/\/sigeneris.es\/en\/proyecto\/restaurando-el-equilibrio-reviviendo-ecosistemas-para-un-futuro-mas-verde\/\">Restoring the balance: Reviving ecosystems for a greener future<\/a><\/h3><\/div>\t\t\t<\/div>\n\t\t<\/article>\n\t\t\t\t\t<\/div>\n\t\t\t\t\t<\/div>\n\t\t\t\t\t\t<\/div>\n\t\t\t\t<\/div>\n\t\t\t\t\t<\/div>\n\t\t\t\t<\/div>\n\t\t<div data-dce-background-color=\"#000000\" class=\"elementor-element elementor-element-31b4722 e-flex e-con-boxed e-con e-parent\" data-id=\"31b4722\" data-element_type=\"container\" data-settings=\"{&quot;background_background&quot;:&quot;video&quot;,&quot;background_video_link&quot;:&quot;https:\\\/\\\/sigeneris.es\\\/wp-content\\\/uploads\\\/2024\\\/10\\\/medusas.mp4&quot;,&quot;background_video_end&quot;:70,&quot;background_play_on_mobile&quot;:&quot;yes&quot;}\">\n\t\t\t\t\t<div class=\"e-con-inner\">\n\t\t<div class=\"elementor-background-video-container\" aria-hidden=\"true\">\n\t\t\t\t\t\t\t<video class=\"elementor-background-video-hosted\" autoplay muted playsinline loop><\/video>\n\t\t\t\t\t<\/div><div class=\"elementor-element elementor-element-955ab53 e-con-full e-flex e-con e-child\" data-id=\"955ab53\" data-element_type=\"container\">\n\t\t\t\t<div class=\"elementor-element elementor-element-a41d7be elementor-widget elementor-widget-text-editor\" data-id=\"a41d7be\" data-element_type=\"widget\" data-widget_type=\"text-editor.default\">\n\t\t\t\t<div class=\"elementor-widget-container\">\n\t\t\t\t\t\t\t\t\tMainly focused on the application of biotechnology in various fields:\n<ul>\n \t<li>Ecosystem and environmental restoration and enhancement<\/li>\n \t<li>Superfood production<\/li>\n \t<li>Customised pollination solutions<\/li>\n \t<li>Recovery of marine and coastal ecosystems<\/li>\n \t<li>CO2 and other GHG capture and sequestration environmental projects<\/li>\n \t<li>Generation of solutions that generate biodiversity enhancement of marine and terrestrial ecosystems and the generation of biodiversity credits.<\/li>\n<\/ul>\t\t\t\t\t\t\t\t<\/div>\n\t\t\t\t<\/div>\n\t\t\t\t<\/div>\n\t\t<div class=\"elementor-element elementor-element-d3e7b53 e-con-full e-flex e-con e-child\" data-id=\"d3e7b53\" data-element_type=\"container\">\n\t\t\t\t<div class=\"elementor-element elementor-element-35e4367 elementor-widget elementor-widget-text-editor\" data-id=\"35e4367\" data-element_type=\"widget\" data-widget_type=\"text-editor.default\">\n\t\t\t\t<div class=\"elementor-widget-container\">\n\t\t\t\t\t\t\t\t\t<p>All this taking into account the most demanding international standards and norms. Sigeneris participates in highly specialised companies and start-ups in the above fields.<\/p>\t\t\t\t\t\t\t\t<\/div>\n\t\t\t\t<\/div>\n\t\t\t\t<\/div>\n\t\t\t\t\t<\/div>\n\t\t\t\t<\/div>\n\t\t\t\t<\/div>","protected":false},"excerpt":{"rendered":"<p>Proyectos Trabajamos en proyectos que impulsan la innovaci\u00f3n en biotecnolog\u00eda y sostenibilidad con el objetivo de crear un futuro m\u00e1s sostenible para todos. Combatir el cambio clim\u00e1tico:\u00a0 Capturando CO2 para un futuro m\u00e1s limpio Restaurando la vida en los oc\u00e9anos Polinizaci\u00f3n de precisi\u00f3n:\u00a0 Cosechando un futuro mejor Superalimentos del futuro:\u00a0 Ciencia y naturaleza se unen [&hellip;]<\/p>","protected":false},"author":1,"featured_media":0,"parent":0,"menu_order":0,"comment_status":"closed","ping_status":"open","template":"","meta":{"_acf_changed":false,"footnotes":""},"class_list":["post-32","page","type-page","status-publish","hentry"],"acf":[],"yoast_head":"<!-- This site is optimized with the Yoast SEO plugin v26.2 - https:\/\/yoast.com\/wordpress\/plugins\/seo\/ -->\n<title>Proyectos : Sigeneris<\/title>\n<meta name=\"description\" content=\"Nuestro trabajo se basa en el respeto por el medio ambiente y en la b\u00fasqueda de soluciones sostenibles que permitan un futuro m\u00e1s sostenible.\" \/>\n<meta name=\"robots\" content=\"index, follow, max-snippet:-1, max-image-preview:large, max-video-preview:-1\" \/>\n<link rel=\"canonical\" href=\"https:\/\/sigeneris.es\/en\/proyectos\/\" \/>\n<meta property=\"og:locale\" content=\"en_US\" \/>\n<meta property=\"og:type\" content=\"article\" \/>\n<meta property=\"og:title\" content=\"Proyectos : Sigeneris\" \/>\n<meta property=\"og:description\" content=\"Nuestro trabajo se basa en el respeto por el medio ambiente y en la b\u00fasqueda de soluciones sostenibles que permitan un futuro m\u00e1s sostenible.\" \/>\n<meta property=\"og:url\" content=\"https:\/\/sigeneris.es\/en\/proyectos\/\" \/>\n<meta property=\"og:site_name\" content=\"Sigeneris\" \/>\n<meta property=\"article:modified_time\" content=\"2024-10-21T16:06:58+00:00\" \/>\n<meta property=\"og:image\" content=\"https:\/\/sigeneris.es\/wp-content\/uploads\/2024\/10\/cambio-climatico-1024x698.jpg\" \/>\n<meta name=\"twitter:card\" content=\"summary_large_image\" \/>\n<meta name=\"twitter:label1\" content=\"Est. reading time\" \/>\n\t<meta name=\"twitter:data1\" content=\"2 minutes\" \/>\n<script type=\"application\/ld+json\" class=\"yoast-schema-graph\">{\"@context\":\"https:\/\/schema.org\",\"@graph\":[{\"@type\":\"WebPage\",\"@id\":\"https:\/\/sigeneris.es\/proyectos\/\",\"url\":\"https:\/\/sigeneris.es\/proyectos\/\",\"name\":\"Proyectos : Sigeneris\",\"isPartOf\":{\"@id\":\"https:\/\/sigeneris.es\/#website\"},\"primaryImageOfPage\":{\"@id\":\"https:\/\/sigeneris.es\/proyectos\/#primaryimage\"},\"image\":{\"@id\":\"https:\/\/sigeneris.es\/proyectos\/#primaryimage\"},\"thumbnailUrl\":\"https:\/\/sigeneris.es\/wp-content\/uploads\/2024\/10\/cambio-climatico-1024x698.jpg\",\"datePublished\":\"2024-10-01T10:15:08+00:00\",\"dateModified\":\"2024-10-21T16:06:58+00:00\",\"description\":\"Nuestro trabajo se basa en el respeto por el medio ambiente y en la b\u00fasqueda de soluciones sostenibles que permitan un futuro m\u00e1s sostenible.\",\"breadcrumb\":{\"@id\":\"https:\/\/sigeneris.es\/proyectos\/#breadcrumb\"},\"inLanguage\":\"en-US\",\"potentialAction\":[{\"@type\":\"ReadAction\",\"target\":[\"https:\/\/sigeneris.es\/proyectos\/\"]}]},{\"@type\":\"ImageObject\",\"inLanguage\":\"en-US\",\"@id\":\"https:\/\/sigeneris.es\/proyectos\/#primaryimage\",\"url\":\"https:\/\/sigeneris.es\/wp-content\/uploads\/2024\/10\/cambio-climatico-1024x698.jpg\",\"contentUrl\":\"https:\/\/sigeneris.es\/wp-content\/uploads\/2024\/10\/cambio-climatico-1024x698.jpg\"},{\"@type\":\"BreadcrumbList\",\"@id\":\"https:\/\/sigeneris.es\/proyectos\/#breadcrumb\",\"itemListElement\":[{\"@type\":\"ListItem\",\"position\":1,\"name\":\"Portada\",\"item\":\"https:\/\/sigeneris.es\/\"},{\"@type\":\"ListItem\",\"position\":2,\"name\":\"Proyectos\"}]},{\"@type\":\"WebSite\",\"@id\":\"https:\/\/sigeneris.es\/#website\",\"url\":\"https:\/\/sigeneris.es\/\",\"name\":\"Sigeneris\",\"description\":\"Innovaci\u00f3n para un futuro sostenible\",\"publisher\":{\"@id\":\"https:\/\/sigeneris.es\/#organization\"},\"alternateName\":\"Sigeneris\",\"potentialAction\":[{\"@type\":\"SearchAction\",\"target\":{\"@type\":\"EntryPoint\",\"urlTemplate\":\"https:\/\/sigeneris.es\/?s={search_term_string}\"},\"query-input\":{\"@type\":\"PropertyValueSpecification\",\"valueRequired\":true,\"valueName\":\"search_term_string\"}}],\"inLanguage\":\"en-US\"},{\"@type\":\"Organization\",\"@id\":\"https:\/\/sigeneris.es\/#organization\",\"name\":\"Sigeneris\",\"alternateName\":\"Sigeneris\",\"url\":\"https:\/\/sigeneris.es\/\",\"logo\":{\"@type\":\"ImageObject\",\"inLanguage\":\"en-US\",\"@id\":\"https:\/\/sigeneris.es\/#\/schema\/logo\/image\/\",\"url\":\"https:\/\/sigeneris.es\/wp-content\/uploads\/2024\/05\/Sigeneris-logo-500.png\",\"contentUrl\":\"https:\/\/sigeneris.es\/wp-content\/uploads\/2024\/05\/Sigeneris-logo-500.png\",\"width\":500,\"height\":98,\"caption\":\"Sigeneris\"},\"image\":{\"@id\":\"https:\/\/sigeneris.es\/#\/schema\/logo\/image\/\"}}]}<\/script>\n<!-- \/ Yoast SEO plugin. -->","yoast_head_json":{"title":"Proyectos : Sigeneris","description":"Our work is based on respect for the environment and the search for sustainable solutions for a more sustainable future.","robots":{"index":"index","follow":"follow","max-snippet":"max-snippet:-1","max-image-preview":"max-image-preview:large","max-video-preview":"max-video-preview:-1"},"canonical":"https:\/\/sigeneris.es\/en\/proyectos\/","og_locale":"en_US","og_type":"article","og_title":"Proyectos : Sigeneris","og_description":"Nuestro trabajo se basa en el respeto por el medio ambiente y en la b\u00fasqueda de soluciones sostenibles que permitan un futuro m\u00e1s sostenible.","og_url":"https:\/\/sigeneris.es\/en\/proyectos\/","og_site_name":"Sigeneris","article_modified_time":"2024-10-21T16:06:58+00:00","og_image":[{"url":"https:\/\/sigeneris.es\/wp-content\/uploads\/2024\/10\/cambio-climatico-1024x698.jpg","type":"","width":"","height":""}],"twitter_card":"summary_large_image","twitter_misc":{"Est. reading time":"2 minutes"},"schema":{"@context":"https:\/\/schema.org","@graph":[{"@type":"WebPage","@id":"https:\/\/sigeneris.es\/proyectos\/","url":"https:\/\/sigeneris.es\/proyectos\/","name":"Proyectos : Sigeneris","isPartOf":{"@id":"https:\/\/sigeneris.es\/#website"},"primaryImageOfPage":{"@id":"https:\/\/sigeneris.es\/proyectos\/#primaryimage"},"image":{"@id":"https:\/\/sigeneris.es\/proyectos\/#primaryimage"},"thumbnailUrl":"https:\/\/sigeneris.es\/wp-content\/uploads\/2024\/10\/cambio-climatico-1024x698.jpg","datePublished":"2024-10-01T10:15:08+00:00","dateModified":"2024-10-21T16:06:58+00:00","description":"Our work is based on respect for the environment and the search for sustainable solutions for a more sustainable future.","breadcrumb":{"@id":"https:\/\/sigeneris.es\/proyectos\/#breadcrumb"},"inLanguage":"en-US","potentialAction":[{"@type":"ReadAction","target":["https:\/\/sigeneris.es\/proyectos\/"]}]},{"@type":"ImageObject","inLanguage":"en-US","@id":"https:\/\/sigeneris.es\/proyectos\/#primaryimage","url":"https:\/\/sigeneris.es\/wp-content\/uploads\/2024\/10\/cambio-climatico-1024x698.jpg","contentUrl":"https:\/\/sigeneris.es\/wp-content\/uploads\/2024\/10\/cambio-climatico-1024x698.jpg"},{"@type":"BreadcrumbList","@id":"https:\/\/sigeneris.es\/proyectos\/#breadcrumb","itemListElement":[{"@type":"ListItem","position":1,"name":"Portada","item":"https:\/\/sigeneris.es\/"},{"@type":"ListItem","position":2,"name":"Proyectos"}]},{"@type":"WebSite","@id":"https:\/\/sigeneris.es\/#website","url":"https:\/\/sigeneris.es\/","name":"Sigeneris","description":"Innovation for a sustainable future","publisher":{"@id":"https:\/\/sigeneris.es\/#organization"},"alternateName":"Sigeneris","potentialAction":[{"@type":"SearchAction","target":{"@type":"EntryPoint","urlTemplate":"https:\/\/sigeneris.es\/?s={search_term_string}"},"query-input":{"@type":"PropertyValueSpecification","valueRequired":true,"valueName":"search_term_string"}}],"inLanguage":"en-US"},{"@type":"Organization","@id":"https:\/\/sigeneris.es\/#organization","name":"Sigeneris","alternateName":"Sigeneris","url":"https:\/\/sigeneris.es\/","logo":{"@type":"ImageObject","inLanguage":"en-US","@id":"https:\/\/sigeneris.es\/#\/schema\/logo\/image\/","url":"https:\/\/sigeneris.es\/wp-content\/uploads\/2024\/05\/Sigeneris-logo-500.png","contentUrl":"https:\/\/sigeneris.es\/wp-content\/uploads\/2024\/05\/Sigeneris-logo-500.png","width":500,"height":98,"caption":"Sigeneris"},"image":{"@id":"https:\/\/sigeneris.es\/#\/schema\/logo\/image\/"}}]}},"_links":{"self":[{"href":"https:\/\/sigeneris.es\/en\/wp-json\/wp\/v2\/pages\/32","targetHints":{"allow":["GET"]}}],"collection":[{"href":"https:\/\/sigeneris.es\/en\/wp-json\/wp\/v2\/pages"}],"about":[{"href":"https:\/\/sigeneris.es\/en\/wp-json\/wp\/v2\/types\/page"}],"author":[{"embeddable":true,"href":"https:\/\/sigeneris.es\/en\/wp-json\/wp\/v2\/users\/1"}],"replies":[{"embeddable":true,"href":"https:\/\/sigeneris.es\/en\/wp-json\/wp\/v2\/comments?post=32"}],"version-history":[{"count":278,"href":"https:\/\/sigeneris.es\/en\/wp-json\/wp\/v2\/pages\/32\/revisions"}],"predecessor-version":[{"id":2443,"href":"https:\/\/sigeneris.es\/en\/wp-json\/wp\/v2\/pages\/32\/revisions\/2443"}],"wp:attachment":[{"href":"https:\/\/sigeneris.es\/en\/wp-json\/wp\/v2\/media?parent=32"}],"curies":[{"name":"wp","href":"https:\/\/api.w.org\/{rel}","templated":true}]}}