{"id":671,"date":"2024-10-02T14:13:52","date_gmt":"2024-10-02T14:13:52","guid":{"rendered":"https:\/\/sigeneris.es\/?page_id=671"},"modified":"2024-10-23T07:59:47","modified_gmt":"2024-10-23T07:59:47","slug":"aviso-legal","status":"publish","type":"page","link":"https:\/\/sigeneris.es\/en\/aviso-legal\/","title":{"rendered":"Legal notice"},"content":{"rendered":"<h2 class=\"wp-block-heading\">Datos identificativos<\/h2>\n\n\n\n<p>Titular: Sigeneris Consultoria SL<br>Correo electr\u00f3nico: info@sigeneris.es<\/p>\n\n\n\n<h2 class=\"wp-block-heading\">Propiedad intelectual<\/h2>\n\n\n\n<p>La empresa es titular de todos los derechos de propiedad intelectual e industrial de esta p\u00e1gina web, as\u00ed como de los elementos de contenido en la misma. Todos los derechos est\u00e1n reservados.<\/p>\n\n\n\n<p>En virtud de lo dispuesto en los art\u00edculos 8 y 32.1, p\u00e1rrafo segundo, de la Ley de Propiedad Intelectual, quedan expresamente prohibidas la reproducci\u00f3n, la distribuci\u00f3n y la comunicaci\u00f3n p\u00fablica. Se incluye su modalidad de puesta a disposici\u00f3n, de la totalidad o parte de los contenidos de esta p\u00e1gina web, con fines comerciales, en cualquier soporte y por cualquier medio t\u00e9cnico, sin la autorizaci\u00f3n de la empresa.<\/p>\n\n\n\n<h2 class=\"wp-block-heading\">Enlaces externos y banners<\/h2>\n\n\n\n<p>En caso de que la p\u00e1gina web incluya enlaces externos a otras p\u00e1ginas web, tiene una finalidad meramente informativa, y no supone que la empresa recomiende dichas p\u00e1ginas web, sobre los que no ejerce control alguno, ni es responsable de los mismos.<\/p>\n\n\n\n<h2 class=\"wp-block-heading\">Blog<\/h2>\n\n\n\n<p>En caso de que la p\u00e1gina web tenga un apartado con caracter\u00edsticas de blog, su finalidad es la difusi\u00f3n de los diferentes servicios ofrecidos por la empresa. El titular de la web no se responsabiliza de las opiniones de los usuarios y se reserva los derechos de borrar los comentarios que pudieran resultar ofensivos o denigrantes. Adem\u00e1s, puede bloquear e impedir los futuros comentarios provenientes de los autores de dichos comentarios.<\/p>\n\n\n\n<h2 class=\"wp-block-heading\">T\u00e9rminos generales de uso<\/h2>\n\n\n\n<p><br>El acceso y uso de este p\u00e1gina web le atribuye la condici\u00f3n de usuario, aceptando los t\u00e9rminos y condiciones generales de uso para poder usar todos los servicios e informaci\u00f3n que se facilitan. Las presentes condiciones generales de uso regulan el acceso y la utilizaci\u00f3n de la p\u00e1gina web, incluyendo los contenidos y los servicios puestos a disposici\u00f3n de los usuarios. El mero acceso o utilizaci\u00f3n en esta p\u00e1gina web, de todos o parte, de sus contenidos y servicios significa la plena aceptaci\u00f3n de las presentes condiciones de uso.<\/p>\n\n\n\n<p>Para informarte de los datos personales que recabamos y la forma en que lo hacemos puedes acceder a nuestra Pol\u00edtica de Privacidad. Esta web, por tanto, cumple rigurosamente con el RGPD (REGLAMENTO UE 2016\/679 de protecci\u00f3n de datos) y la LSSI-CE la Ley 34\/2002, del 11 de julio, de servicios de la sociedad de la informaci\u00f3n y de comercio electr\u00f3nico.<\/p>\n\n\n\n<p><\/p>","protected":false},"excerpt":{"rendered":"<p>Datos identificativos Titular: Sigeneris Consultoria SLCorreo electr\u00f3nico: info@sigeneris.es Propiedad intelectual La empresa es titular de todos los derechos de propiedad intelectual e industrial de esta p\u00e1gina web, as\u00ed como de los elementos de contenido en la misma. Todos los derechos est\u00e1n reservados. En virtud de lo dispuesto en los art\u00edculos 8 y 32.1, p\u00e1rrafo segundo, [&hellip;]<\/p>","protected":false},"author":1,"featured_media":0,"parent":0,"menu_order":0,"comment_status":"closed","ping_status":"closed","template":"","meta":{"_acf_changed":false,"footnotes":""},"class_list":["post-671","page","type-page","status-publish","hentry"],"acf":[],"yoast_head":"<!-- This site is optimized with the Yoast SEO plugin v26.2 - https:\/\/yoast.com\/wordpress\/plugins\/seo\/ -->\n<title>Aviso legal : Sigeneris<\/title>\n<meta name=\"description\" content=\"Nuestro trabajo se basa en el respeto por el medio ambiente y en la b\u00fasqueda de soluciones sostenibles que permitan un futuro m\u00e1s sostenible.\" \/>\n<meta name=\"robots\" content=\"index, follow, max-snippet:-1, max-image-preview:large, max-video-preview:-1\" \/>\n<link rel=\"canonical\" href=\"https:\/\/sigeneris.es\/en\/aviso-legal\/\" \/>\n<meta property=\"og:locale\" content=\"en_US\" \/>\n<meta property=\"og:type\" content=\"article\" \/>\n<meta property=\"og:title\" content=\"Aviso legal : Sigeneris\" \/>\n<meta property=\"og:description\" content=\"Nuestro trabajo se basa en el respeto por el medio ambiente y en la b\u00fasqueda de soluciones sostenibles que permitan un futuro m\u00e1s sostenible.\" \/>\n<meta property=\"og:url\" content=\"https:\/\/sigeneris.es\/en\/aviso-legal\/\" \/>\n<meta property=\"og:site_name\" content=\"Sigeneris\" \/>\n<meta property=\"article:modified_time\" content=\"2024-10-23T07:59:47+00:00\" \/>\n<meta property=\"og:image\" content=\"https:\/\/sigeneris.es\/wp-content\/uploads\/2024\/05\/Sigeneris-logo-350.png\" \/>\n\t<meta property=\"og:image:width\" content=\"350\" \/>\n\t<meta property=\"og:image:height\" content=\"69\" \/>\n\t<meta property=\"og:image:type\" content=\"image\/png\" \/>\n<meta name=\"twitter:card\" content=\"summary_large_image\" \/>\n<meta name=\"twitter:label1\" content=\"Est. reading time\" \/>\n\t<meta name=\"twitter:data1\" content=\"2 minutes\" \/>\n<script type=\"application\/ld+json\" class=\"yoast-schema-graph\">{\"@context\":\"https:\/\/schema.org\",\"@graph\":[{\"@type\":\"WebPage\",\"@id\":\"https:\/\/sigeneris.es\/aviso-legal\/\",\"url\":\"https:\/\/sigeneris.es\/aviso-legal\/\",\"name\":\"Aviso legal : Sigeneris\",\"isPartOf\":{\"@id\":\"https:\/\/sigeneris.es\/#website\"},\"datePublished\":\"2024-10-02T14:13:52+00:00\",\"dateModified\":\"2024-10-23T07:59:47+00:00\",\"description\":\"Nuestro trabajo se basa en el respeto por el medio ambiente y en la b\u00fasqueda de soluciones sostenibles que permitan un futuro m\u00e1s sostenible.\",\"breadcrumb\":{\"@id\":\"https:\/\/sigeneris.es\/aviso-legal\/#breadcrumb\"},\"inLanguage\":\"en-US\",\"potentialAction\":[{\"@type\":\"ReadAction\",\"target\":[\"https:\/\/sigeneris.es\/aviso-legal\/\"]}]},{\"@type\":\"BreadcrumbList\",\"@id\":\"https:\/\/sigeneris.es\/aviso-legal\/#breadcrumb\",\"itemListElement\":[{\"@type\":\"ListItem\",\"position\":1,\"name\":\"Portada\",\"item\":\"https:\/\/sigeneris.es\/\"},{\"@type\":\"ListItem\",\"position\":2,\"name\":\"Aviso legal\"}]},{\"@type\":\"WebSite\",\"@id\":\"https:\/\/sigeneris.es\/#website\",\"url\":\"https:\/\/sigeneris.es\/\",\"name\":\"Sigeneris\",\"description\":\"Innovaci\u00f3n para un futuro sostenible\",\"publisher\":{\"@id\":\"https:\/\/sigeneris.es\/#organization\"},\"alternateName\":\"Sigeneris\",\"potentialAction\":[{\"@type\":\"SearchAction\",\"target\":{\"@type\":\"EntryPoint\",\"urlTemplate\":\"https:\/\/sigeneris.es\/?s={search_term_string}\"},\"query-input\":{\"@type\":\"PropertyValueSpecification\",\"valueRequired\":true,\"valueName\":\"search_term_string\"}}],\"inLanguage\":\"en-US\"},{\"@type\":\"Organization\",\"@id\":\"https:\/\/sigeneris.es\/#organization\",\"name\":\"Sigeneris\",\"alternateName\":\"Sigeneris\",\"url\":\"https:\/\/sigeneris.es\/\",\"logo\":{\"@type\":\"ImageObject\",\"inLanguage\":\"en-US\",\"@id\":\"https:\/\/sigeneris.es\/#\/schema\/logo\/image\/\",\"url\":\"https:\/\/sigeneris.es\/wp-content\/uploads\/2024\/05\/Sigeneris-logo-500.png\",\"contentUrl\":\"https:\/\/sigeneris.es\/wp-content\/uploads\/2024\/05\/Sigeneris-logo-500.png\",\"width\":500,\"height\":98,\"caption\":\"Sigeneris\"},\"image\":{\"@id\":\"https:\/\/sigeneris.es\/#\/schema\/logo\/image\/\"}}]}<\/script>\n<!-- \/ Yoast SEO plugin. -->","yoast_head_json":{"title":"Aviso legal : Sigeneris","description":"Our work is based on respect for the environment and the search for sustainable solutions for a more sustainable future.","robots":{"index":"index","follow":"follow","max-snippet":"max-snippet:-1","max-image-preview":"max-image-preview:large","max-video-preview":"max-video-preview:-1"},"canonical":"https:\/\/sigeneris.es\/en\/aviso-legal\/","og_locale":"en_US","og_type":"article","og_title":"Aviso legal : Sigeneris","og_description":"Nuestro trabajo se basa en el respeto por el medio ambiente y en la b\u00fasqueda de soluciones sostenibles que permitan un futuro m\u00e1s sostenible.","og_url":"https:\/\/sigeneris.es\/en\/aviso-legal\/","og_site_name":"Sigeneris","article_modified_time":"2024-10-23T07:59:47+00:00","og_image":[{"width":350,"height":69,"url":"https:\/\/sigeneris.es\/wp-content\/uploads\/2024\/05\/Sigeneris-logo-350.png","type":"image\/png"}],"twitter_card":"summary_large_image","twitter_misc":{"Est. reading time":"2 minutes"},"schema":{"@context":"https:\/\/schema.org","@graph":[{"@type":"WebPage","@id":"https:\/\/sigeneris.es\/aviso-legal\/","url":"https:\/\/sigeneris.es\/aviso-legal\/","name":"Aviso legal : Sigeneris","isPartOf":{"@id":"https:\/\/sigeneris.es\/#website"},"datePublished":"2024-10-02T14:13:52+00:00","dateModified":"2024-10-23T07:59:47+00:00","description":"Our work is based on respect for the environment and the search for sustainable solutions for a more sustainable future.","breadcrumb":{"@id":"https:\/\/sigeneris.es\/aviso-legal\/#breadcrumb"},"inLanguage":"en-US","potentialAction":[{"@type":"ReadAction","target":["https:\/\/sigeneris.es\/aviso-legal\/"]}]},{"@type":"BreadcrumbList","@id":"https:\/\/sigeneris.es\/aviso-legal\/#breadcrumb","itemListElement":[{"@type":"ListItem","position":1,"name":"Portada","item":"https:\/\/sigeneris.es\/"},{"@type":"ListItem","position":2,"name":"Aviso legal"}]},{"@type":"WebSite","@id":"https:\/\/sigeneris.es\/#website","url":"https:\/\/sigeneris.es\/","name":"Sigeneris","description":"Innovation for a sustainable future","publisher":{"@id":"https:\/\/sigeneris.es\/#organization"},"alternateName":"Sigeneris","potentialAction":[{"@type":"SearchAction","target":{"@type":"EntryPoint","urlTemplate":"https:\/\/sigeneris.es\/?s={search_term_string}"},"query-input":{"@type":"PropertyValueSpecification","valueRequired":true,"valueName":"search_term_string"}}],"inLanguage":"en-US"},{"@type":"Organization","@id":"https:\/\/sigeneris.es\/#organization","name":"Sigeneris","alternateName":"Sigeneris","url":"https:\/\/sigeneris.es\/","logo":{"@type":"ImageObject","inLanguage":"en-US","@id":"https:\/\/sigeneris.es\/#\/schema\/logo\/image\/","url":"https:\/\/sigeneris.es\/wp-content\/uploads\/2024\/05\/Sigeneris-logo-500.png","contentUrl":"https:\/\/sigeneris.es\/wp-content\/uploads\/2024\/05\/Sigeneris-logo-500.png","width":500,"height":98,"caption":"Sigeneris"},"image":{"@id":"https:\/\/sigeneris.es\/#\/schema\/logo\/image\/"}}]}},"_links":{"self":[{"href":"https:\/\/sigeneris.es\/en\/wp-json\/wp\/v2\/pages\/671","targetHints":{"allow":["GET"]}}],"collection":[{"href":"https:\/\/sigeneris.es\/en\/wp-json\/wp\/v2\/pages"}],"about":[{"href":"https:\/\/sigeneris.es\/en\/wp-json\/wp\/v2\/types\/page"}],"author":[{"embeddable":true,"href":"https:\/\/sigeneris.es\/en\/wp-json\/wp\/v2\/users\/1"}],"replies":[{"embeddable":true,"href":"https:\/\/sigeneris.es\/en\/wp-json\/wp\/v2\/comments?post=671"}],"version-history":[{"count":5,"href":"https:\/\/sigeneris.es\/en\/wp-json\/wp\/v2\/pages\/671\/revisions"}],"predecessor-version":[{"id":2395,"href":"https:\/\/sigeneris.es\/en\/wp-json\/wp\/v2\/pages\/671\/revisions\/2395"}],"wp:attachment":[{"href":"https:\/\/sigeneris.es\/en\/wp-json\/wp\/v2\/media?parent=671"}],"curies":[{"name":"wp","href":"https:\/\/api.w.org\/{rel}","templated":true}]}}